{"id":29305,"date":"2025-10-23T01:17:08","date_gmt":"2025-10-23T01:17:08","guid":{"rendered":"https:\/\/moon.ro\/?page_id=29305"},"modified":"2025-10-27T20:05:18","modified_gmt":"2025-10-27T20:05:18","slug":"society","status":"publish","type":"page","link":"https:\/\/moon.ro\/en\/society\/","title":{"rendered":"Society"},"content":{"rendered":"<div data-elementor-type=\"wp-page\" data-elementor-id=\"29305\" class=\"elementor elementor-29305\">\n\t\t\t\t<div class=\"elementor-element elementor-element-c2d5419 nrg-custom-box e-flex e-con-boxed kitify-col-width-auto-no ignore-docs-style-no kitify-disable-relative-no e-root-container elementor-top-section e-con e-parent\" data-id=\"c2d5419\" data-element_type=\"container\" data-e-type=\"container\">\n\t\t\t\t\t<div class=\"e-con-inner\">\n\t\t<div class=\"elementor-element elementor-element-ca608d3 e-con-full e-flex kitify-col-width-auto-no ignore-docs-style-no kitify-disable-relative-no elementor-invisible kitify-has-entrance-animation e-con e-child\" data-id=\"ca608d3\" data-element_type=\"container\" data-e-type=\"container\" data-settings=\"{&quot;animation&quot;:&quot;kitifyShortFadeInUp&quot;,&quot;animation_delay&quot;:500}\">\n\t\t\t\t<div class=\"elementor-element elementor-element-4e6fe5e elementor-widget kitify elementor-kitify-banner\" data-id=\"4e6fe5e\" data-element_type=\"widget\" data-e-type=\"widget\" data-widget_type=\"kitify-banner.default\">\n\t\t\t\t<div class=\"elementor-widget-container\">\n\t\t\t\t\t<figure class=\"kitify-banner kitify-effect-pop-card-3\"><div class=\"kitify-banner__overlay\"><\/div><img decoding=\"async\" src=\"https:\/\/moon.ro\/wp-content\/uploads\/2025\/10\/mobile-banner-society.webp\" alt=\"mobile-banner-society\" class=\"kitify-banner__img\" title=\"\"><figcaption class=\"kitify-banner__content\"><div class=\"kitify-banner__content-wrap\"><div class=\"kitify-banner__text\">C\u00e2\u0219tig\u0103 2 nop\u021bi de cazare gratuite \u00een 2 resorturi Moon<\/div><\/div><\/figcaption><\/figure>\n\t\t\t\t<\/div>\n\t\t\t\t<\/div>\n\t\t\t\t<\/div>\n\t\t<div class=\"elementor-element elementor-element-c29b7ca e-con-full e-flex kitify-col-width-auto-no ignore-docs-style-no kitify-disable-relative-no elementor-invisible kitify-has-entrance-animation e-con e-child\" data-id=\"c29b7ca\" data-element_type=\"container\" data-e-type=\"container\" data-settings=\"{&quot;animation&quot;:&quot;kitifyShortFadeInUp&quot;}\">\n\t\t\t\t<div class=\"elementor-element elementor-element-7187eae nrg-custom-title elementor-widget elementor-widget-heading\" data-id=\"7187eae\" data-element_type=\"widget\" data-e-type=\"widget\" data-widget_type=\"heading.default\">\n\t\t\t\t\t<h2 class=\"elementor-heading-title elementor-size-default\">Primul Giveaway Moon Society<\/h2>\t\t\t\t<\/div>\n\t\t\t\t<div class=\"elementor-element elementor-element-15d5530 elementor-widget elementor-widget-text-editor\" data-id=\"15d5530\" data-element_type=\"widget\" data-e-type=\"widget\" data-widget_type=\"text-editor.default\">\n\t\t\t\t\t\t\t\t\t<p>O dubl\u0103 experien\u021b\u0103 a lini\u0219tii \u0219i frumuse\u021bii autentice. Este <strong>primul giveaway dedicat exclusiv membrilor Moon Society<\/strong>, semn c\u0103 povestea abia \u00eencepe.<\/p><p>Nu uita s\u0103 dai follow la pagina noastr\u0103 de Instagram<br \/>\ud83d\udcc5 <strong>Data extragerii:<\/strong> 1 noiembrie<\/p>\t\t\t\t\t\t\t\t<\/div>\n\t\t\t\t<div class=\"elementor-element elementor-element-acedba8 elementor-widget kitify elementor-kitify-countdown-timer\" data-id=\"acedba8\" data-element_type=\"widget\" data-e-type=\"widget\" data-widget_type=\"kitify-countdown-timer.default\">\n\t\t\t\t<div class=\"elementor-widget-container\">\n\t\t\t\t\t<div class=\"elementor-kitify-countdown-timer\">\n\t<div class=\"kitify-countdown-timer timer-fixed\" data-due-date=\"1762804620\">\n\t\t<div class=\"kitify-countdown-timer__item item-days\">\n\t<div class=\"kitify-countdown-timer__item-value\" data-value=\"days\"><span class=\"kitify-countdown-timer__digit\">0<\/span><span class=\"kitify-countdown-timer__digit\">0<\/span><\/div>\n\t<div class=\"kitify-countdown-timer__item-label\">Zile<\/div><\/div>\n\t\t<div class=\"kitify-countdown-timer__item item-hours\">\n\t<div class=\"kitify-countdown-timer__item-value\" data-value=\"hours\"><span class=\"kitify-countdown-timer__digit\">0<\/span><span class=\"kitify-countdown-timer__digit\">0<\/span><\/div>\n\t<div class=\"kitify-countdown-timer__item-label\">Ore<\/div><\/div>\n\t\t<div class=\"kitify-countdown-timer__item item-minutes\">\n\t<div class=\"kitify-countdown-timer__item-value\" data-value=\"minutes\"><span class=\"kitify-countdown-timer__digit\">0<\/span><span class=\"kitify-countdown-timer__digit\">0<\/span><\/div>\n\t<div class=\"kitify-countdown-timer__item-label\">Minute<\/div><\/div>\n\t\t<div class=\"kitify-countdown-timer__item item-seconds\">\n\t<div class=\"kitify-countdown-timer__item-value\" data-value=\"seconds\"><span class=\"kitify-countdown-timer__digit\">0<\/span><span class=\"kitify-countdown-timer__digit\">0<\/span><\/div>\n\t<div class=\"kitify-countdown-timer__item-label\">Secunde<\/div><\/div>\n\t<\/div>\n<\/div>\t\t\t\t<\/div>\n\t\t\t\t<\/div>\n\t\t\t\t<div class=\"elementor-element elementor-element-efe5c24 elementor-mobile_extra-align-center elementor-widget kitify elementor-kitify-button\" data-id=\"efe5c24\" data-element_type=\"widget\" data-e-type=\"widget\" data-widget_type=\"kitify-button.default\">\n\t\t\t\t<div class=\"elementor-widget-container\">\n\t\t\t\t\t        <div class=\"elementor-button-wrapper\">\n            <a href=\"https:\/\/www.instagram.com\/moonresorts\" target=\"_blank\" rel=\"nofollow\" class=\"elementor-button-link elementor-button elementor-btn-align-icon- elementor-size-md\" role=\"button\">\n                        <span class=\"elementor-button-content-wrapper\">\n\t\t\t\t\t\t<span class=\"elementor-button-text\">Instagram Moon<\/span>\n\t\t<\/span>\n                    <\/a>\n        <\/div>\n        \t\t\t\t<\/div>\n\t\t\t\t<\/div>\n\t\t\t\t<\/div>\n\t\t\t\t\t<\/div>\n\t\t\t\t<\/div>\n\t\t<div class=\"elementor-element elementor-element-4d0d0a6 nrg-custom-box e-flex e-con-boxed kitify-col-width-auto-no ignore-docs-style-no kitify-disable-relative-no e-root-container elementor-top-section e-con e-child\" data-id=\"4d0d0a6\" data-element_type=\"container\" data-e-type=\"container\" data-settings=\"{&quot;animation&quot;:&quot;none&quot;,&quot;background_background&quot;:&quot;classic&quot;}\">\n\t\t\t\t\t<div class=\"e-con-inner\">\n\t\t\t\t<div class=\"elementor-element elementor-element-a42651f nrg-custom-title elementor-widget elementor-widget-heading\" data-id=\"a42651f\" data-element_type=\"widget\" data-e-type=\"widget\" data-widget_type=\"heading.default\">\n\t\t\t\t\t<h2 class=\"elementor-heading-title elementor-size-default\">Beneficii pentru membrii<\/h2>\t\t\t\t<\/div>\n\t\t\t\t<div class=\"elementor-element elementor-element-1a26a5e elementor-widget elementor-widget-text-editor\" data-id=\"1a26a5e\" data-element_type=\"widget\" data-e-type=\"widget\" data-widget_type=\"text-editor.default\">\n\t\t\t\t\t\t\t\t\t<p>Ca membru Moon Society te bucuri de:<\/p>\t\t\t\t\t\t\t\t<\/div>\n\t\t<div class=\"elementor-element elementor-element-9ad4fa4 e-con-full e-flex kitify-col-width-auto-no ignore-docs-style-no kitify-disable-relative-no e-con e-child\" data-id=\"9ad4fa4\" data-element_type=\"container\" data-e-type=\"container\">\n\t\t<div class=\"elementor-element elementor-element-10c5e72 e-con-full e-flex kitify-col-width-auto-no ignore-docs-style-no kitify-disable-relative-no elementor-invisible kitify-has-entrance-animation e-con e-child\" data-id=\"10c5e72\" data-element_type=\"container\" data-e-type=\"container\" data-settings=\"{&quot;animation&quot;:&quot;kitifyShortFadeInUp&quot;}\">\n\t\t\t\t<div class=\"elementor-element elementor-element-a762d45 elementor-view-framed elementor-position-inline-start elementor-tablet_extra-position-block-start elementor-mobile-position-inline-start elementor-shape-circle elementor-widget elementor-widget-icon-box\" data-id=\"a762d45\" data-element_type=\"widget\" data-e-type=\"widget\" data-widget_type=\"icon-box.default\">\n\t\t\t\t\t\t\t<div class=\"elementor-icon-box-wrapper\">\n\n\t\t\t\t\t\t<div class=\"elementor-icon-box-icon\">\n\t\t\t\t<span  class=\"elementor-icon\">\n\t\t\t\t<i aria-hidden=\"true\" class=\"icofont icofont-ticket\"><\/i>\t\t\t\t<\/span>\n\t\t\t<\/div>\n\t\t\t\n\t\t\t\t\t\t<div class=\"elementor-icon-box-content\">\n\n\t\t\t\t\t\t\t\t\t<h3 class=\"elementor-icon-box-title\">\n\t\t\t\t\t\t<span  >\n\t\t\t\t\t\t\tAcces Gratuit la Evenimentele Moon\t\t\t\t\t\t<\/span>\n\t\t\t\t\t<\/h3>\n\t\t\t\t\n\t\t\t\t\t\t\t\t\t<p class=\"elementor-icon-box-description\">\n\t\t\t\t\t\tCr\u0103ciun, Pa\u0219te \u0219i seri private Society Nights \u2014 foc de tab\u0103r\u0103, cin\u0103 gourmet, live music \u0219i oameni frumo\u0219i.\n\t\t\t\t\t<\/p>\n\t\t\t\t\n\t\t\t<\/div>\n\t\t\t\n\t\t<\/div>\n\t\t\t\t\t\t<\/div>\n\t\t\t\t<\/div>\n\t\t<div class=\"elementor-element elementor-element-ee96e84 e-con-full e-flex kitify-col-width-auto-no ignore-docs-style-no kitify-disable-relative-no elementor-invisible kitify-has-entrance-animation e-con e-child\" data-id=\"ee96e84\" data-element_type=\"container\" data-e-type=\"container\" data-settings=\"{&quot;animation&quot;:&quot;kitifyShortFadeInUp&quot;,&quot;animation_delay&quot;:600}\">\n\t\t\t\t<div class=\"elementor-element elementor-element-7a298c8 elementor-view-framed elementor-position-inline-start elementor-tablet_extra-position-block-start elementor-mobile-position-inline-start elementor-shape-circle elementor-widget elementor-widget-icon-box\" data-id=\"7a298c8\" data-element_type=\"widget\" data-e-type=\"widget\" data-widget_type=\"icon-box.default\">\n\t\t\t\t\t\t\t<div class=\"elementor-icon-box-wrapper\">\n\n\t\t\t\t\t\t<div class=\"elementor-icon-box-icon\">\n\t\t\t\t<span  class=\"elementor-icon\">\n\t\t\t\t<i aria-hidden=\"true\" class=\"splicon icon-present\"><\/i>\t\t\t\t<\/span>\n\t\t\t<\/div>\n\t\t\t\n\t\t\t\t\t\t<div class=\"elementor-icon-box-content\">\n\n\t\t\t\t\t\t\t\t\t<h3 class=\"elementor-icon-box-title\">\n\t\t\t\t\t\t<span  >\n\t\t\t\t\t\t\tGiveaway-uri \u00een valoare de 10.000 \u20ac\t\t\t\t\t\t<\/span>\n\t\t\t\t\t<\/h3>\n\t\t\t\t\n\t\t\t\t\t\t\t\t\t<p class=\"elementor-icon-box-description\">\n\t\t\t\t\t\tSejururi, experien\u021be \u0219i surprize create exclusiv pentru membrii Moon Society.\t\t\t\t\t<\/p>\n\t\t\t\t\n\t\t\t<\/div>\n\t\t\t\n\t\t<\/div>\n\t\t\t\t\t\t<\/div>\n\t\t\t\t<\/div>\n\t\t<div class=\"elementor-element elementor-element-5c8c89e e-con-full e-flex kitify-col-width-auto-no ignore-docs-style-no kitify-disable-relative-no elementor-invisible kitify-has-entrance-animation e-con e-child\" data-id=\"5c8c89e\" data-element_type=\"container\" data-e-type=\"container\" data-settings=\"{&quot;animation&quot;:&quot;kitifyShortFadeInUp&quot;,&quot;animation_delay&quot;:600}\">\n\t\t\t\t<div class=\"elementor-element elementor-element-25a2ba5 elementor-view-framed elementor-position-inline-start elementor-tablet_extra-position-block-start elementor-mobile-position-inline-start elementor-shape-circle elementor-widget elementor-widget-icon-box\" data-id=\"25a2ba5\" data-element_type=\"widget\" data-e-type=\"widget\" data-widget_type=\"icon-box.default\">\n\t\t\t\t\t\t\t<div class=\"elementor-icon-box-wrapper\">\n\n\t\t\t\t\t\t<div class=\"elementor-icon-box-icon\">\n\t\t\t\t<span  class=\"elementor-icon\">\n\t\t\t\t<svg aria-hidden=\"true\" class=\"e-font-icon-svg e-fas-hand-holding-usd\" viewbox=\"0 0 576 512\" xmlns=\"http:\/\/www.w3.org\/2000\/svg\"><path d=\"M271.06,144.3l54.27,14.3a8.59,8.59,0,0,1,6.63,8.1c0,4.6-4.09,8.4-9.12,8.4h-35.6a30,30,0,0,1-11.19-2.2c-5.24-2.2-11.28-1.7-15.3,2l-19,17.5a11.68,11.68,0,0,0-2.25,2.66,11.42,11.42,0,0,0,3.88,15.74,83.77,83.77,0,0,0,34.51,11.5V240c0,8.8,7.83,16,17.37,16h17.37c9.55,0,17.38-7.2,17.38-16V222.4c32.93-3.6,57.84-31,53.5-63-3.15-23-22.46-41.3-46.56-47.7L282.68,97.4a8.59,8.59,0,0,1-6.63-8.1c0-4.6,4.09-8.4,9.12-8.4h35.6A30,30,0,0,1,332,83.1c5.23,2.2,11.28,1.7,15.3-2l19-17.5A11.31,11.31,0,0,0,368.47,61a11.43,11.43,0,0,0-3.84-15.78,83.82,83.82,0,0,0-34.52-11.5V16c0-8.8-7.82-16-17.37-16H295.37C285.82,0,278,7.2,278,16V33.6c-32.89,3.6-57.85,31-53.51,63C227.63,119.6,247,137.9,271.06,144.3ZM565.27,328.1c-11.8-10.7-30.2-10-42.6,0L430.27,402a63.64,63.64,0,0,1-40,14H272a16,16,0,0,1,0-32h78.29c15.9,0,30.71-10.9,33.25-26.6a31.2,31.2,0,0,0,.46-5.46A32,32,0,0,0,352,320H192a117.66,117.66,0,0,0-74.1,26.29L71.4,384H16A16,16,0,0,0,0,400v96a16,16,0,0,0,16,16H372.77a64,64,0,0,0,40-14L564,377a32,32,0,0,0,1.28-48.9Z\"><\/path><\/svg>\t\t\t\t<\/span>\n\t\t\t<\/div>\n\t\t\t\n\t\t\t\t\t\t<div class=\"elementor-icon-box-content\">\n\n\t\t\t\t\t\t\t\t\t<h3 class=\"elementor-icon-box-title\">\n\t\t\t\t\t\t<span  >\n\t\t\t\t\t\t\tGratuit\u0103\u021bi la Facilit\u0103\u021bile Moon\t\t\t\t\t\t<\/span>\n\t\t\t\t\t<\/h3>\n\t\t\t\t\n\t\t\t\t\t\t\t\t\t<p class=\"elementor-icon-box-description\">\n\t\t\t\t\t\tAcces liber la SPA, piscine, ATV-uri, sala de jocuri \u0219i alte experien\u021be care definesc relaxarea autentic\u0103 Moon.\t\t\t\t\t<\/p>\n\t\t\t\t\n\t\t\t<\/div>\n\t\t\t\n\t\t<\/div>\n\t\t\t\t\t\t<\/div>\n\t\t\t\t<\/div>\n\t\t<div class=\"elementor-element elementor-element-805eb8f e-con-full e-flex kitify-col-width-auto-no ignore-docs-style-no kitify-disable-relative-no elementor-invisible kitify-has-entrance-animation e-con e-child\" data-id=\"805eb8f\" data-element_type=\"container\" data-e-type=\"container\" data-settings=\"{&quot;animation&quot;:&quot;kitifyShortFadeInUp&quot;,&quot;animation_delay&quot;:600}\">\n\t\t\t\t<div class=\"elementor-element elementor-element-cb88173 elementor-view-framed elementor-position-inline-start elementor-tablet_extra-position-block-start elementor-mobile-position-inline-start elementor-shape-circle elementor-widget elementor-widget-icon-box\" data-id=\"cb88173\" data-element_type=\"widget\" data-e-type=\"widget\" data-widget_type=\"icon-box.default\">\n\t\t\t\t\t\t\t<div class=\"elementor-icon-box-wrapper\">\n\n\t\t\t\t\t\t<div class=\"elementor-icon-box-icon\">\n\t\t\t\t<span  class=\"elementor-icon\">\n\t\t\t\t<i aria-hidden=\"true\" class=\"icofont icofont-sale-discount\"><\/i>\t\t\t\t<\/span>\n\t\t\t<\/div>\n\t\t\t\n\t\t\t\t\t\t<div class=\"elementor-icon-box-content\">\n\n\t\t\t\t\t\t\t\t\t<h3 class=\"elementor-icon-box-title\">\n\t\t\t\t\t\t<span  >\n\t\t\t\t\t\t\t50% Discount de Ziua Ta\t\t\t\t\t\t<\/span>\n\t\t\t\t\t<\/h3>\n\t\t\t\t\n\t\t\t\t\t\t\t\t\t<p class=\"elementor-icon-box-description\">\n\t\t\t\t\t\tPentru c\u0103 momentele frumoase merit\u0103 celebrate \u2014 iar la Moon, tu e\u0219ti invitatul special.\t\t\t\t\t<\/p>\n\t\t\t\t\n\t\t\t<\/div>\n\t\t\t\n\t\t<\/div>\n\t\t\t\t\t\t<\/div>\n\t\t\t\t<\/div>\n\t\t\t\t<\/div>\n\t\t\t\t\t<\/div>\n\t\t\t\t<\/div>\n\t\t<div class=\"elementor-element elementor-element-3bb1f63 nrg-custom-box e-flex e-con-boxed kitify-col-width-auto-no ignore-docs-style-no kitify-disable-relative-no e-root-container elementor-top-section e-con e-child\" data-id=\"3bb1f63\" data-element_type=\"container\" data-e-type=\"container\" data-settings=\"{&quot;animation&quot;:&quot;none&quot;,&quot;background_background&quot;:&quot;classic&quot;}\">\n\t\t\t\t\t<div class=\"e-con-inner\">\n\t\t<div class=\"elementor-element elementor-element-1eba46b e-con-full e-flex kitify-col-width-auto-no ignore-docs-style-no kitify-disable-relative-no e-con e-child\" data-id=\"1eba46b\" data-element_type=\"container\" data-e-type=\"container\">\n\t\t\t\t<div class=\"elementor-element elementor-element-b35e1d8 elementor-widget__width-inherit elementor-widget kitify elementor-kitify-timeline-vertical\" data-id=\"b35e1d8\" data-element_type=\"widget\" data-e-type=\"widget\" data-widget_type=\"kitify-timeline-vertical.default\">\n\t\t\t\t<div class=\"elementor-widget-container\">\n\t\t\t\t\t<div class=\"kitify-vtimeline kitify-vtimeline--align-center kitify-vtimeline--align-middle\">\n\t<div class=\"kitify-vtimeline__line\"><div class=\"kitify-vtimeline__line-progress\"><\/div><\/div>\n\t<div class=\"kitify-vtimeline-list\"><div class=\"kitify-vtimeline-item kitify-vtimeline-item--animated elementor-repeater-item-8596f27\">\n\t<div class=\"kitify-vtimeline-item__card\">\n\t\t<div class=\"kitify-vtimeline-item__card-inner\">\n\t\t\t\t\t\t\t\t<div class=\"kitify-vtimeline-item__card-content\">\n\t\t\t\t\t<div class=\"kitify-vtimeline-item__meta\"><\/div><div class=\"kitify-vtimeline-item__card-content-inner\"><h5 class=\"kitify-vtimeline-item__card-title\">Pasul 1 \u2014 Completarea formularului<\/h5><div class=\"kitify-vtimeline-item__card-desc\"><p>Pentru a te \u00eenscrie \u00een Moon Society, completeaz\u0103 formularul oficial de \u00eenscriere.<br \/>Acesta ne ajut\u0103 s\u0103-\u021bi oferim beneficii personalizate \u0219i acces complet \u00een comunitate.<\/p><div class=\"elementor-button-wrapper\"><a class=\"elementor-button-link elementor-button elementor-btn-align-icon- elementor-size-sm\" role=\"button\" href=\"https:\/\/moon.ro\/en\/society\/#formular\"><br \/><span class=\"elementor-button-content-wrapper\"><br \/><span class=\"elementor-button-text\">Formular<\/span><br \/><\/span><br \/><\/a><\/div><\/div><\/div>\t\t\t\t<\/div>\n\t\t<\/div>\n\t\t<div class=\"kitify-vtimeline-item__card-arrow\"><\/div>\n\t<\/div>\n\t<div class=\"kitify-vtimeline-item__point\"><\/div><div class=\"kitify-vtimeline-item__meta\"><\/div><\/div><div class=\"kitify-vtimeline-item kitify-vtimeline-item--animated elementor-repeater-item-80d6816\">\n\t<div class=\"kitify-vtimeline-item__card\">\n\t\t<div class=\"kitify-vtimeline-item__card-inner\">\n\t\t\t\t\t\t\t\t<div class=\"kitify-vtimeline-item__card-content\">\n\t\t\t\t\t<div class=\"kitify-vtimeline-item__meta\"><\/div><div class=\"kitify-vtimeline-item__card-content-inner\"><h5 class=\"kitify-vtimeline-item__card-title\">Pasul 2 - Te al\u0103turi direct grupului WhatsApp \u201eMoon Society\u201d <\/h5><div class=\"kitify-vtimeline-item__card-desc\"><p>Dac\u0103 e\u0219ti deja membru Moon VIP sau Moon Gang, completeaz\u0103 formularul de \u00eenscriere Moon Society pentru a-\u021bi activa accesul.<\/p><div class=\"elementor-button-wrapper\"><a class=\"elementor-button-link elementor-button elementor-btn-align-icon- elementor-size-sm\" role=\"button\" href=\"https:\/\/chat.whatsapp.com\/EQ3Opd55sQb2jrKBAf2mBe?mode=wwc\" target=\"_blank\" rel=\"nofollow noopener\"><br \/><span class=\"elementor-button-content-wrapper\"><br \/><span class=\"elementor-button-text\">Scrie-ne<\/span><br \/><\/span><br \/><\/a><\/div><\/div><\/div>\t\t\t\t<\/div>\n\t\t<\/div>\n\t\t<div class=\"kitify-vtimeline-item__card-arrow\"><\/div>\n\t<\/div>\n\t<div class=\"kitify-vtimeline-item__point\"><\/div><div class=\"kitify-vtimeline-item__meta\"><\/div><\/div><\/div><\/div>\t\t\t\t<\/div>\n\t\t\t\t<\/div>\n\t\t\t\t<\/div>\n\t\t\t\t\t<\/div>\n\t\t\t\t<\/div>\n\t\t<div class=\"elementor-element elementor-element-f9439d1 e-con-full e-flex kitify-col-width-auto-no ignore-docs-style-no kitify-disable-relative-no e-root-container elementor-top-section e-con e-parent\" data-id=\"f9439d1\" data-element_type=\"container\" data-e-type=\"container\" id=\"formular\">\n\t\t\t\t<div class=\"elementor-element elementor-element-0e838cc elementor-widget elementor-widget-html\" data-id=\"0e838cc\" data-element_type=\"widget\" data-e-type=\"widget\" data-widget_type=\"html.default\">\n\t\t\t\t\t<iframe src=\"https:\/\/forms.monday.com\/forms\/embed\/7ce4cad5284ce6eb5bae5c1400ff1021?r=euc1\" width=\"650\" height=\"1160\" \"><\/iframe>\t\t\t\t<\/div>\n\t\t\t\t<\/div>\n\t\t\t\t<\/div>","protected":false},"excerpt":{"rendered":"<p>C\u00e2\u0219tig\u0103 2 nop\u021bi de cazare gratuite \u00een 2 resorturi Moon Primul Giveaway Moon Society O dubl\u0103 experien\u021b\u0103 a lini\u0219tii \u0219i frumuse\u021bii autentice. Este primul giveaway dedicat exclusiv membrilor Moon Society, semn c\u0103 povestea abia \u00eencepe. Nu uita s\u0103 dai follow la pagina noastr\u0103 de Instagram\ud83d\udcc5 Data extragerii: 1 noiembrie 00 Zile 00 Ore 00 Minute 00 Secunde Instagram Moon Beneficii\u2026<\/p>","protected":false},"author":1,"featured_media":0,"parent":0,"menu_order":0,"comment_status":"closed","ping_status":"closed","template":"","meta":{"footnotes":""},"class_list":["post-29305","page","type-page","status-publish","hentry"],"_links":{"self":[{"href":"https:\/\/moon.ro\/en\/wp-json\/wp\/v2\/pages\/29305","targetHints":{"allow":["GET"]}}],"collection":[{"href":"https:\/\/moon.ro\/en\/wp-json\/wp\/v2\/pages"}],"about":[{"href":"https:\/\/moon.ro\/en\/wp-json\/wp\/v2\/types\/page"}],"author":[{"embeddable":true,"href":"https:\/\/moon.ro\/en\/wp-json\/wp\/v2\/users\/1"}],"replies":[{"embeddable":true,"href":"https:\/\/moon.ro\/en\/wp-json\/wp\/v2\/comments?post=29305"}],"version-history":[{"count":61,"href":"https:\/\/moon.ro\/en\/wp-json\/wp\/v2\/pages\/29305\/revisions"}],"predecessor-version":[{"id":29373,"href":"https:\/\/moon.ro\/en\/wp-json\/wp\/v2\/pages\/29305\/revisions\/29373"}],"wp:attachment":[{"href":"https:\/\/moon.ro\/en\/wp-json\/wp\/v2\/media?parent=29305"}],"curies":[{"name":"wp","href":"https:\/\/api.w.org\/{rel}","templated":true}]}}