{"id":7017,"date":"2023-10-06T04:13:39","date_gmt":"2023-10-06T04:13:39","guid":{"rendered":"https:\/\/miniture.novaworks.net\/?page_id=14"},"modified":"2025-11-07T01:01:29","modified_gmt":"2025-11-07T01:01:29","slug":"contact","status":"publish","type":"page","link":"https:\/\/moon.ro\/en\/contact\/","title":{"rendered":"Contact"},"content":{"rendered":"<div data-elementor-type=\"wp-page\" data-elementor-id=\"7017\" class=\"elementor elementor-7017\">\n\t\t\t\t<div class=\"elementor-element elementor-element-eeaf477 nrg-custom-box e-flex e-con-boxed kitify-col-width-auto-no ignore-docs-style-no kitify-disable-relative-no e-root-container elementor-top-section e-con e-parent\" data-id=\"eeaf477\" data-element_type=\"container\" data-e-type=\"container\">\n\t\t\t\t\t<div class=\"e-con-inner\">\n\t\t\t\t<div class=\"elementor-element elementor-element-1c084a3 elementor-widget kitify elementor-kitify-breadcrumbs\" data-id=\"1c084a3\" data-element_type=\"widget\" data-e-type=\"widget\" data-widget_type=\"kitify-breadcrumbs.default\">\n\t\t\t\t<div class=\"elementor-widget-container\">\n\t\t\t\t\t\n\t\t<div class=\"kitify-breadcrumbs\">\n\t\t<div class=\"kitify-breadcrumbs__content\">\n\t\t<div class=\"kitify-breadcrumbs__wrap\"><div class=\"kitify-breadcrumbs__item\"><a href=\"https:\/\/moon.ro\/en\/\" class=\"kitify-breadcrumbs__item-link is-home\" rel=\"home\" title=\"Home\">Home<\/a><\/div>\n\t\t<\/div>\n\t\t<\/div>\n\t\t<\/div>\t\t\t\t<\/div>\n\t\t\t\t<\/div>\n\t\t\t\t\t<\/div>\n\t\t\t\t<\/div>\n\t\t<div class=\"elementor-element elementor-element-e3a3cbf nrg-custom-box e-flex e-con-boxed kitify-col-width-auto-no ignore-docs-style-no kitify-disable-relative-no e-root-container elementor-top-section e-con e-parent\" data-id=\"e3a3cbf\" data-element_type=\"container\" data-e-type=\"container\">\n\t\t\t\t\t<div class=\"e-con-inner\">\n\t\t\t\t<div class=\"elementor-element elementor-element-ea6bbc9 elementor-invisible kitify-has-entrance-animation elementor-widget elementor-widget-heading\" data-id=\"ea6bbc9\" data-element_type=\"widget\" data-e-type=\"widget\" data-settings=\"{&quot;_animation&quot;:&quot;kitifyShortFadeInUp&quot;}\" data-widget_type=\"heading.default\">\n\t\t\t\t\t<h2 class=\"elementor-heading-title elementor-size-default\">Contact us<\/h2>\t\t\t\t<\/div>\n\t\t\t\t<div class=\"elementor-element elementor-element-28ccf8e elementor-invisible kitify-has-entrance-animation elementor-widget elementor-widget-heading\" data-id=\"28ccf8e\" data-element_type=\"widget\" data-e-type=\"widget\" data-settings=\"{&quot;_animation&quot;:&quot;kitifyShortFadeInUp&quot;,&quot;_animation_delay&quot;:400}\" data-widget_type=\"heading.default\">\n\t\t\t\t\t<span class=\"elementor-heading-title elementor-size-default\">Our team is here to assist you with questions about reservations, availability, private events, facilities, or any other details regarding your stay.<\/span>\t\t\t\t<\/div>\n\t\t\t\t\t<\/div>\n\t\t\t\t<\/div>\n\t\t<div class=\"elementor-element elementor-element-60a76dd nrg-custom-box e-flex e-con-boxed kitify-col-width-auto-no ignore-docs-style-no kitify-disable-relative-no e-root-container elementor-top-section e-con e-parent\" data-id=\"60a76dd\" data-element_type=\"container\" data-e-type=\"container\">\n\t\t\t\t\t<div class=\"e-con-inner\">\n\t\t<div class=\"elementor-element elementor-element-668bf07 e-con-full e-flex kitify-col-width-auto-no ignore-docs-style-no kitify-disable-relative-no e-con e-child\" data-id=\"668bf07\" data-element_type=\"container\" data-e-type=\"container\">\n\t\t\t\t<div class=\"elementor-element elementor-element-2974138 elementor-widget elementor-widget-heading\" data-id=\"2974138\" data-element_type=\"widget\" data-e-type=\"widget\" data-widget_type=\"heading.default\">\n\t\t\t\t\t<h4 class=\"elementor-heading-title elementor-size-default\">Comarnic<\/h4>\t\t\t\t<\/div>\n\t\t\t\t<div class=\"elementor-element elementor-element-c563de9 elementor-widget elementor-widget-text-editor\" data-id=\"c563de9\" data-element_type=\"widget\" data-e-type=\"widget\" data-widget_type=\"text-editor.default\">\n\t\t\t\t\t\t\t\t\t<p>Strada Ghio\u0219e\u0219ti 356B, Ghio\u0219e\u0219ti 105700<\/p>\t\t\t\t\t\t\t\t<\/div>\n\t\t\t\t<div class=\"elementor-element elementor-element-ffa2316 elementor-widget elementor-widget-html\" data-id=\"ffa2316\" data-element_type=\"widget\" data-e-type=\"widget\" data-widget_type=\"html.default\">\n\t\t\t\t\t<iframe src=\"https:\/\/www.google.com\/maps\/embed?pb=!1m18!1m12!1m3!1d4774.3207615887695!2d25.619815!3d45.2333267!2m3!1f0!2f0!3f0!3m2!1i1024!2i768!4f13.1!3m3!1m2!1s0x40b305861c88d369%3A0x7fb7afe1776047e1!2sMoon%20Village%20Comarnic!5e1!3m2!1sen!2sro!4v1760392613954!5m2!1sen!2sro\" width=\"600\" height=\"450\" style=\"border:0;\" allowfullscreen=\"\" loading=\"lazy\" referrerpolicy=\"no-referrer-when-downgrade\"><\/iframe>\t\t\t\t<\/div>\n\t\t\t\t<\/div>\n\t\t<div class=\"elementor-element elementor-element-852ff50 e-con-full e-flex kitify-col-width-auto-no ignore-docs-style-no kitify-disable-relative-no e-con e-child\" data-id=\"852ff50\" data-element_type=\"container\" data-e-type=\"container\">\n\t\t\t\t<div class=\"elementor-element elementor-element-7425024 elementor-widget elementor-widget-heading\" data-id=\"7425024\" data-element_type=\"widget\" data-e-type=\"widget\" data-widget_type=\"heading.default\">\n\t\t\t\t\t<h4 class=\"elementor-heading-title elementor-size-default\">Busteni<\/h4>\t\t\t\t<\/div>\n\t\t\t\t<div class=\"elementor-element elementor-element-4fbefb9 elementor-widget elementor-widget-text-editor\" data-id=\"4fbefb9\" data-element_type=\"widget\" data-e-type=\"widget\" data-widget_type=\"text-editor.default\">\n\t\t\t\t\t\t\t\t\t<p>Ora\u0219 Bu\u0219teni, Strada C\u0103prioarei nr. 27, CF 25494 Bu\u0219teni, Jude\u021b Prahova<\/p>\t\t\t\t\t\t\t\t<\/div>\n\t\t\t\t<div class=\"elementor-element elementor-element-faf1b0e elementor-widget elementor-widget-html\" data-id=\"faf1b0e\" data-element_type=\"widget\" data-e-type=\"widget\" data-widget_type=\"html.default\">\n\t\t\t\t\t<iframe src=\"https:\/\/www.google.com\/maps\/embed?pb=!1m18!1m12!1m3!1d4759.53035099372!2d25.541039099999995!3d45.4091168!2m3!1f0!2f0!3f0!3m2!1i1024!2i768!4f13.1!3m3!1m2!1s0x40b31551fedd961d%3A0x227e43f75e54825c!2sMoon%20Resort!5e1!3m2!1sen!2sro!4v1760392558432!5m2!1sen!2sro\" width=\"600\" height=\"450\" style=\"border:0;\" allowfullscreen=\"\" loading=\"lazy\" referrerpolicy=\"no-referrer-when-downgrade\"><\/iframe>\t\t\t\t<\/div>\n\t\t\t\t<\/div>\n\t\t\t\t\t<\/div>\n\t\t\t\t<\/div>\n\t\t\t\t<\/div>","protected":false},"excerpt":{"rendered":"<p>Home Contacteaz\u0103-ne Echipa noastr\u0103 v\u0103 st\u0103 la dispozi\u021bie pentru \u00eentreb\u0103ri legate de rezerv\u0103ri, disponibilitate, evenimente private, facilit\u0103\u021bi sau alte detalii despre sejurul dumneavoastr\u0103. Comarnic Strada Ghio\u0219e\u0219ti 356B, Ghio\u0219e\u0219ti 105700 Busteni Ora\u0219 Bu\u0219teni, Strada C\u0103prioarei nr. 27, CF 25494 Bu\u0219teni, Jude\u021b Prahova<\/p>","protected":false},"author":1,"featured_media":0,"parent":0,"menu_order":0,"comment_status":"closed","ping_status":"closed","template":"","meta":{"footnotes":""},"class_list":["post-7017","page","type-page","status-publish","hentry"],"_links":{"self":[{"href":"https:\/\/moon.ro\/en\/wp-json\/wp\/v2\/pages\/7017","targetHints":{"allow":["GET"]}}],"collection":[{"href":"https:\/\/moon.ro\/en\/wp-json\/wp\/v2\/pages"}],"about":[{"href":"https:\/\/moon.ro\/en\/wp-json\/wp\/v2\/types\/page"}],"author":[{"embeddable":true,"href":"https:\/\/moon.ro\/en\/wp-json\/wp\/v2\/users\/1"}],"replies":[{"embeddable":true,"href":"https:\/\/moon.ro\/en\/wp-json\/wp\/v2\/comments?post=7017"}],"version-history":[{"count":9,"href":"https:\/\/moon.ro\/en\/wp-json\/wp\/v2\/pages\/7017\/revisions"}],"predecessor-version":[{"id":29387,"href":"https:\/\/moon.ro\/en\/wp-json\/wp\/v2\/pages\/7017\/revisions\/29387"}],"wp:attachment":[{"href":"https:\/\/moon.ro\/en\/wp-json\/wp\/v2\/media?parent=7017"}],"curies":[{"name":"wp","href":"https:\/\/api.w.org\/{rel}","templated":true}]}}